{"id":11579,"date":"2024-12-23T22:52:30","date_gmt":"2024-12-23T19:52:30","guid":{"rendered":"https:\/\/sports20.org\/schutz-der-daten\/"},"modified":"2025-11-26T15:27:43","modified_gmt":"2025-11-26T12:27:43","slug":"schutz-der-daten","status":"publish","type":"page","link":"https:\/\/sports20.org\/de\/schutz-der-daten\/","title":{"rendered":"Schutz der Daten"},"content":{"rendered":"\t\t<div data-elementor-type=\"wp-page\" data-elementor-id=\"11579\" class=\"elementor elementor-11579 elementor-6226\" data-elementor-post-type=\"page\">\n\t\t\t\t<div class=\"elementor-element elementor-element-3ccbd289 e-con-full e-flex e-con e-parent\" data-id=\"3ccbd289\" data-element_type=\"container\" data-settings=\"{&quot;background_background&quot;:&quot;classic&quot;}\">\n\t\t<div class=\"elementor-element elementor-element-3cc7ed90 e-con-full e-flex e-con e-child\" data-id=\"3cc7ed90\" data-element_type=\"container\">\n\t\t\t\t<div class=\"elementor-element elementor-element-77c73fc5 elementor-widget-tablet__width-initial elementor-widget elementor-widget-heading\" data-id=\"77c73fc5\" data-element_type=\"widget\" data-widget_type=\"heading.default\">\n\t\t\t\t<div class=\"elementor-widget-container\">\n\t\t\t\t\t<h1 class=\"elementor-heading-title elementor-size-default\">datenschutz<\/h1>\t\t\t\t<\/div>\n\t\t\t\t<\/div>\n\t\t\t\t<\/div>\n\t\t\t\t<\/div>\n\t\t<div class=\"elementor-element elementor-element-ae865e9 e-con-full elementor-hidden-tablet elementor-hidden-mobile e-flex e-con e-parent\" data-id=\"ae865e9\" data-element_type=\"container\" data-settings=\"{&quot;background_background&quot;:&quot;classic&quot;,&quot;position&quot;:&quot;absolute&quot;}\">\n\t\t\t\t<\/div>\n\t\t<div class=\"elementor-element elementor-element-5a30f2c9 e-con-full e-flex e-con e-parent\" data-id=\"5a30f2c9\" data-element_type=\"container\">\n\t\t<div class=\"elementor-element elementor-element-474c7e20 e-con-full elementor-hidden-widescreen e-flex e-con e-child\" data-id=\"474c7e20\" data-element_type=\"container\" data-settings=\"{&quot;background_background&quot;:&quot;classic&quot;,&quot;position&quot;:&quot;absolute&quot;}\">\n\t\t\t\t<\/div>\n\t\t<div class=\"elementor-element elementor-element-2c4b97e9 e-con-full e-flex e-con e-child\" data-id=\"2c4b97e9\" data-element_type=\"container\" data-settings=\"{&quot;background_background&quot;:&quot;classic&quot;}\">\n\t\t<div class=\"elementor-element elementor-element-4669c051 e-con-full e-flex e-con e-child\" data-id=\"4669c051\" data-element_type=\"container\" data-settings=\"{&quot;background_background&quot;:&quot;classic&quot;}\">\n\t\t\t\t<div class=\"elementor-element elementor-element-5b14da7d elementor-widget elementor-widget-text-editor\" data-id=\"5b14da7d\" data-element_type=\"widget\" data-widget_type=\"text-editor.default\">\n\t\t\t\t<div class=\"elementor-widget-container\">\n\t\t\t\t\t\t\t\t\t<p>Mit der folgenden Datenschutzerkl\u00e4rung m\u00f6chten wir Sie dar\u00fcber informieren, welche Arten Ihrer personenbezogenen Daten (im Folgenden auch &#8222;Daten&#8220; genannt) wir verarbeiten, zu welchen Zwecken und in welchem Umfang. Die Datenschutzerkl\u00e4rung gilt f\u00fcr alle von uns vorgenommenen Verarbeitungen personenbezogener Daten, sowohl im Rahmen der Erbringung unserer Dienstleistungen als auch insbesondere auf unseren Websites, in mobilen Anwendungen und innerhalb externer Online-Pr\u00e4senzen, wie z.B. unseren Social-Media-Profilen (nachfolgend zusammenfassend als &#8222;Online-Angebot&#8220; bezeichnet). Die verwendeten Begriffe sind nicht geschlechtsspezifisch.  <\/p>\n<p><br><\/p>\n<p>Einschl\u00e4gige Rechtsgrundlagen<\/p>\n<p><br><\/p>\n<p>Im Folgenden informieren wir Sie \u00fcber die Rechtsgrundlage der General Data Protection Regulation (GDPR), auf deren Basis wir personenbezogene Daten verarbeiten. Bitte beachten Sie, dass zus\u00e4tzlich zu den Bestimmungen der GDPR die nationalen Datenschutzbestimmungen in Ihrem oder unserem Wohnsitz- und Aufenthaltsland gelten k\u00f6nnen. <\/p>\n<p><br><\/p>\n<p>Nationale Datenschutzbestimmungen in Deutschland: Neben den Datenschutzbestimmungen der Datenschutz-Grundverordnung gelten in Deutschland auch nationale Datenschutzbestimmungen. Dazu geh\u00f6rt insbesondere das Gesetz zum Schutz vor Missbrauch personenbezogener Daten bei der Datenverarbeitung (Bundesdatenschutzgesetz - BDSG). Das BDSG enth\u00e4lt insbesondere Sonderregelungen zum Auskunftsrecht, zum Recht auf L\u00f6schung, zum Widerspruchsrecht, zur Verarbeitung besonderer Kategorien personenbezogener Daten, zur Verarbeitung f\u00fcr andere Zwecke und zur \u00dcbermittlung sowie zur automatisierten Entscheidungsfindung im Einzelfall, einschlie\u00dflich Profiling. Es regelt auch die Datenverarbeitung f\u00fcr Zwecke des Besch\u00e4ftigungsverh\u00e4ltnisses (\u00a7 26 BDSG), insbesondere im Hinblick auf die Begr\u00fcndung, Durchf\u00fchrung oder Beendigung von Besch\u00e4ftigungsverh\u00e4ltnissen und die Einwilligung der Arbeitnehmer. Dar\u00fcber hinaus k\u00f6nnen die Datenschutzgesetze der einzelnen Bundesl\u00e4nder Anwendung finden.    <\/p>\n<p><br><\/p>\n<p>\u00dcbermittlung und Weitergabe von pers\u00f6nlichen Daten<\/p>\n<p>&nbsp;<\/p>\n<p>Im Rahmen unserer Verarbeitung personenbezogener Daten k\u00f6nnen Daten an andere Stellen, Unternehmen, rechtlich selbst\u00e4ndige Organisationseinheiten oder Personen \u00fcbermittelt oder diesen gegen\u00fcber offengelegt werden. Zu den Empf\u00e4ngern dieser Daten k\u00f6nnen z.B. Zahlungsinstitute im Rahmen des Zahlungsverkehrs, mit IT-Aufgaben beauftragte Dienstleister oder Anbieter von Diensten und Inhalten, die in eine Website eingebunden sind, geh\u00f6ren. In diesen F\u00e4llen beachten wir die gesetzlichen Vorgaben und schlie\u00dfen insbesondere entsprechende Vertr\u00e4ge oder Vereinbarungen mit den Empf\u00e4ngern Ihrer Daten ab, die dem Schutz Ihrer Daten dienen.  <br>(Bundesdatenschutzgesetz - BDSG). Das BDSG enth\u00e4lt insbesondere Sonderregelungen zum Auskunftsrecht, zum Recht auf L\u00f6schung, zum Widerspruchsrecht, zur Verarbeitung besonderer Kategorien personenbezogener Daten, zur Verarbeitung f\u00fcr andere Zwecke und zur \u00dcbermittlung sowie zur automatisierten Entscheidungsfindung im Einzelfall, einschlie\u00dflich des Profilings. Es regelt auch die Datenverarbeitung f\u00fcr Zwecke des Besch\u00e4ftigungsverh\u00e4ltnisses (\u00a7 26 BDSG), insbesondere im Hinblick auf die Begr\u00fcndung, Durchf\u00fchrung oder Beendigung von Besch\u00e4ftigungsverh\u00e4ltnissen und die Einwilligung der Arbeitnehmer. Dar\u00fcber hinaus k\u00f6nnen die Datenschutzgesetze der einzelnen Bundesl\u00e4nder Anwendung finden.   <\/p>\n<p><br><\/p>\n<p>Datenverarbeitung in Drittl\u00e4ndern<\/p>\n<p><br><\/p>\n<p>Wenn wir Daten in einem Drittland (d.h. au\u00dferhalb der Europ\u00e4ischen Union (EU), des Europ\u00e4ischen Wirtschaftsraums (EWR)) verarbeiten oder wenn die Verarbeitung im Zusammenhang mit der Inanspruchnahme von Diensten Dritter oder der Offenlegung oder \u00dcbermittlung von Daten an andere Personen, Einrichtungen oder Unternehmen erfolgt, geschieht dies nur in \u00dcbereinstimmung mit den gesetzlichen Bestimmungen.<br>Vorbehaltlich einer ausdr\u00fccklichen Einwilligung oder einer vertraglich oder gesetzlich vorgeschriebenen \u00dcbermittlung verarbeiten oder lassen wir die Daten nur in Drittl\u00e4ndern mit einem anerkannten Datenschutzniveau verarbeiten, einschlie\u00dflich der unter dem &#8222;Privacy Shield&#8220; zertifizierten US-Verarbeiter, oder auf der Grundlage besonderer Garantien, wie z.B. vertraglicher Verpflichtungen durch sog. Standardschutzklauseln der EU-Kommission, dem Vorliegen von Zertifizierungen oder verbindlichen internen Datenschutzregelungen (Art. 44 bis 49 GDPR, Informationsseite der EU-Kommission: https:\/\/ec.europa.eu\/info\/law\/law-topic\/data-protection\/international-dimension-data-protection_de ).<\/p>\n<p><br><\/p>\n<p>Es wird zwischen den folgenden Cookie-Typen und -Funktionen unterschieden<\/p>\n<p>&nbsp;<\/p>\n<p>Tempor\u00e4re Cookies (auch: Session-Cookies): Tempor\u00e4re Cookies werden sp\u00e4testens gel\u00f6scht, nachdem ein Benutzer einen Online-Dienst verlassen und seinen Browser geschlossen hat.<br>Permanente Cookies: Permanente Cookies bleiben gespeichert, auch nachdem der Browser geschlossen wurde. So kann z.B. der Anmeldestatus gespeichert werden oder bevorzugte Inhalte k\u00f6nnen direkt angezeigt werden, wenn der Benutzer eine Website erneut besucht. Auch die Interessen der Nutzer, die zur Reichweitenmessung oder f\u00fcr Marketingzwecke verwendet werden, k\u00f6nnen in einem solchen Cookie gespeichert werden.  <\/p>\n<p>Erstanbieter-Cookies: Erstanbieter-Cookies werden von uns gesetzt.<\/p>\n<p><br><\/p>\n<p>Drittanbieter-Cookies (auch: Drittanbieter-Cookies): Cookies von Drittanbietern werden haupts\u00e4chlich von Werbetreibenden (sogenannten Dritten) verwendet, um Benutzerinformationen zu verarbeiten.<br>Notwendige (auch: essentielle oder absolut notwendige) Cookies: Cookies k\u00f6nnen f\u00fcr den Betrieb einer Website absolut notwendig sein (z.B. um Logins oder andere Benutzereingaben zu speichern oder aus Sicherheitsgr\u00fcnden).<\/p>\n<p><br><\/p>\n<p>Statistische, Marketing- und Personalisierungs-Cookies: Cookies werden im Allgemeinen auch verwendet, um die Reichweite zu messen und wenn die Interessen oder das Verhalten eines Nutzers (z.B. das Ansehen bestimmter Inhalte, die Nutzung von Funktionen usw.) auf einzelnen Websites in einem Nutzerprofil gespeichert werden. Solche Profile werden z.B. verwendet, um Nutzern Inhalte zu zeigen, die ihren potenziellen Interessen entsprechen. Dieser Vorgang wird auch als &#8222;Tracking&#8220; bezeichnet, d.h. das Verfolgen der potenziellen Interessen der Nutzer. Wenn wir Cookies oder &#8222;Tracking&#8220;-Technologien verwenden, werden wir Sie in unserer Datenschutzrichtlinie oder bei der Einholung Ihrer Zustimmung gesondert dar\u00fcber informieren.   <\/p>\n<p><br><\/p>\n<p>Informationen zu den Rechtsgrundlagen: Die Rechtsgrundlage, auf der wir Ihre personenbezogenen Daten mit Hilfe von Cookies verarbeiten, h\u00e4ngt davon ab, ob wir Sie um Ihre Zustimmung bitten. Wenn dies der Fall ist und Sie der Verwendung von Cookies zustimmen, ist die Rechtsgrundlage f\u00fcr die Verarbeitung Ihrer Daten die erkl\u00e4rte Einwilligung. Andernfalls erfolgt die Verarbeitung der Daten mit Hilfe von Cookies auf der Grundlage unserer berechtigten Interessen (z.B. am Betrieb unseres Online-Angebots und dessen Verbesserung) oder, wenn die Verwendung von Cookies zur Erf\u00fcllung unserer vertraglichen Verpflichtungen erforderlich ist.<br>Allgemeine Informationen zum Widerruf und Widerspruch (Opt-out): Je nachdem, ob die Verarbeitung auf einer Einwilligung oder einer gesetzlichen Erlaubnis beruht, haben Sie jederzeit die M\u00f6glichkeit, eine von Ihnen erteilte Einwilligung zu widerrufen oder der Verarbeitung Ihrer Daten durch Cookie-Technologien zu widersprechen (zusammenfassend als &#8222;Opt-out&#8220; bezeichnet). Sie k\u00f6nnen Ihren Widerspruch zun\u00e4chst \u00fcber die Einstellungen Ihres Browsers erkl\u00e4ren, z.B. indem Sie die Verwendung von Cookies deaktivieren (allerdings kann dies auch die Funktionalit\u00e4t unseres Online-Angebots einschr\u00e4nken). Ein Widerspruch gegen die Verwendung von Cookies zu Zwecken des Online-Marketings kann auch \u00fcber verschiedene Dienste, insbesondere im Falle des Trackings, \u00fcber die Websites http:\/\/optout.aboutads.info und http:\/\/www.youronlinechoices.com\/ erkl\u00e4rt werden. Dar\u00fcber hinaus erhalten Sie weitere Widerspruchshinweise im Rahmen der Informationen zu den verwendeten Dienstleistern und Cookies.<br>Verarbeitung von Cookie-Daten auf der Grundlage einer Einwilligung: Bevor wir Daten im Zusammenhang mit der Verwendung von Cookies verarbeiten oder verarbeiten lassen, fragen wir die Nutzer nach ihrer Einwilligung, die jederzeit widerrufen werden kann. Bevor die Einwilligung nicht erteilt wurde, werden h\u00f6chstens Cookies verwendet, die f\u00fcr den Betrieb unseres Online-Angebots notwendig sind. Ihre Verwendung basiert auf unserem Interesse und dem Interesse der Nutzer an der erwarteten Funktionalit\u00e4t unseres Online-Angebots.<br>Verarbeitete Datenarten: Nutzungsdaten (z.B. besuchte Websites, Interesse an Inhalten, Zugriffszeiten), Meta-\/Kommunikationsdaten (z.B. Ger\u00e4teinformationen, IP-Adressen).      <\/p><p><br><\/p>\n<p>Betroffene Personen: Benutzer (z.B. Website-Besucher, Benutzer von Online-Diensten).<\/p><p><br><\/p>\n<p>Rechtsgrundlage: Einwilligung (Art. 6 Abs. 1 Satz 1 lit. a GDPR), Berechtigte Interessen (Art. 6 Abs. 1 Satz 1 lit. f. GDPR).<\/p>\t\t\t\t\t\t\t\t<\/div>\n\t\t\t\t<\/div>\n\t\t\t\t<\/div>\n\t\t<a class=\"elementor-element elementor-element-2a07d8fe e-con-full e-flex e-con e-child\" data-id=\"2a07d8fe\" data-element_type=\"container\" data-settings=\"{&quot;background_background&quot;:&quot;classic&quot;}\" href=\"https:\/\/sports20.org\/de\/\">\n\t\t\t\t<div class=\"elementor-element elementor-element-1a46b5f7 elementor-widget elementor-widget-text-editor\" data-id=\"1a46b5f7\" data-element_type=\"widget\" data-widget_type=\"text-editor.default\">\n\t\t\t\t<div class=\"elementor-widget-container\">\n\t\t\t\t\t\t\t\t\t<p>zur\u00fcck zur Startseite<\/p>\t\t\t\t\t\t\t\t<\/div>\n\t\t\t\t<\/div>\n\t\t\t\t<\/a>\n\t\t\t\t<\/div>\n\t\t\t\t<\/div>\n\t\t<div class=\"elementor-element elementor-element-17ca1f9 elementor-hidden-desktop elementor-hidden-laptop elementor-hidden-tablet elementor-hidden-mobile e-flex e-con-boxed e-con e-parent\" data-id=\"17ca1f9\" data-element_type=\"container\" data-settings=\"{&quot;background_background&quot;:&quot;classic&quot;}\">\n\t\t\t\t\t<div class=\"e-con-inner\">\n\t\t\t\t\t<\/div>\n\t\t\t\t<\/div>\n\t\t\t\t<\/div>\n\t\t","protected":false},"excerpt":{"rendered":"<p>datenschutz Mit der folgenden Datenschutzerkl\u00e4rung m\u00f6chten wir Sie dar\u00fcber informieren, welche Arten Ihrer personenbezogenen Daten (im Folgenden auch &#8222;Daten&#8220; genannt) wir verarbeiten, zu welchen Zwecken und in welchem Umfang. Die Datenschutzerkl\u00e4rung gilt f\u00fcr alle von uns vorgenommenen Verarbeitungen personenbezogener Daten, sowohl im Rahmen der Erbringung unserer Dienstleistungen als auch insbesondere auf unseren Websites, in mobilen [&hellip;]<\/p>\n","protected":false},"author":1,"featured_media":0,"parent":0,"menu_order":0,"comment_status":"closed","ping_status":"closed","template":"","meta":{"_acf_changed":false,"footnotes":""},"class_list":["post-11579","page","type-page","status-publish","hentry"],"acf":[],"yoast_head":"<!-- This site is optimized with the Yoast SEO plugin v22.4 - https:\/\/yoast.com\/wordpress\/plugins\/seo\/ -->\n<title>Schutz der Daten - Sports20<\/title>\n<meta name=\"robots\" content=\"index, follow, max-snippet:-1, max-image-preview:large, max-video-preview:-1\" \/>\n<link rel=\"canonical\" href=\"https:\/\/sports20.org\/de\/schutz-der-daten\/\" \/>\n<meta property=\"og:locale\" content=\"de_DE\" \/>\n<meta property=\"og:type\" content=\"article\" \/>\n<meta property=\"og:title\" content=\"Schutz der Daten - Sports20\" \/>\n<meta property=\"og:description\" content=\"datenschutz Mit der folgenden Datenschutzerkl\u00e4rung m\u00f6chten wir Sie dar\u00fcber informieren, welche Arten Ihrer personenbezogenen Daten (im Folgenden auch &#8222;Daten&#8220; genannt) wir verarbeiten, zu welchen Zwecken und in welchem Umfang. Die Datenschutzerkl\u00e4rung gilt f\u00fcr alle von uns vorgenommenen Verarbeitungen personenbezogener Daten, sowohl im Rahmen der Erbringung unserer Dienstleistungen als auch insbesondere auf unseren Websites, in mobilen [&hellip;]\" \/>\n<meta property=\"og:url\" content=\"https:\/\/sports20.org\/de\/schutz-der-daten\/\" \/>\n<meta property=\"og:site_name\" content=\"Sports20\" \/>\n<meta property=\"article:modified_time\" content=\"2025-11-26T12:27:43+00:00\" \/>\n<meta name=\"twitter:card\" content=\"summary_large_image\" \/>\n<meta name=\"twitter:label1\" content=\"Gesch\u00e4tzte Lesezeit\" \/>\n\t<meta name=\"twitter:data1\" content=\"6\u00a0Minuten\" \/>\n<script type=\"application\/ld+json\" class=\"yoast-schema-graph\">{\"@context\":\"https:\/\/schema.org\",\"@graph\":[{\"@type\":\"WebPage\",\"@id\":\"https:\/\/sports20.org\/de\/schutz-der-daten\/\",\"url\":\"https:\/\/sports20.org\/de\/schutz-der-daten\/\",\"name\":\"Schutz der Daten - Sports20\",\"isPartOf\":{\"@id\":\"https:\/\/sports20.org\/#website\"},\"datePublished\":\"2024-12-23T19:52:30+00:00\",\"dateModified\":\"2025-11-26T12:27:43+00:00\",\"breadcrumb\":{\"@id\":\"https:\/\/sports20.org\/de\/schutz-der-daten\/#breadcrumb\"},\"inLanguage\":\"de\",\"potentialAction\":[{\"@type\":\"ReadAction\",\"target\":[\"https:\/\/sports20.org\/de\/schutz-der-daten\/\"]}]},{\"@type\":\"BreadcrumbList\",\"@id\":\"https:\/\/sports20.org\/de\/schutz-der-daten\/#breadcrumb\",\"itemListElement\":[{\"@type\":\"ListItem\",\"position\":1,\"name\":\"Home\",\"item\":\"https:\/\/sports20.org\/de\/hauptseite\/\"},{\"@type\":\"ListItem\",\"position\":2,\"name\":\"Schutz der Daten\"}]},{\"@type\":\"WebSite\",\"@id\":\"https:\/\/sports20.org\/#website\",\"url\":\"https:\/\/sports20.org\/\",\"name\":\"Sports20\",\"description\":\"Another world is possible\",\"publisher\":{\"@id\":\"https:\/\/sports20.org\/#organization\"},\"potentialAction\":[{\"@type\":\"SearchAction\",\"target\":{\"@type\":\"EntryPoint\",\"urlTemplate\":\"https:\/\/sports20.org\/?s={search_term_string}\"},\"query-input\":\"required name=search_term_string\"}],\"inLanguage\":\"de\"},{\"@type\":\"Organization\",\"@id\":\"https:\/\/sports20.org\/#organization\",\"name\":\"Sports20\",\"url\":\"https:\/\/sports20.org\/\",\"logo\":{\"@type\":\"ImageObject\",\"inLanguage\":\"de\",\"@id\":\"https:\/\/sports20.org\/#\/schema\/logo\/image\/\",\"url\":\"https:\/\/sports20.org\/wp-content\/uploads\/2024\/10\/V1-1.svg\",\"contentUrl\":\"https:\/\/sports20.org\/wp-content\/uploads\/2024\/10\/V1-1.svg\",\"width\":79,\"height\":57,\"caption\":\"Sports20\"},\"image\":{\"@id\":\"https:\/\/sports20.org\/#\/schema\/logo\/image\/\"}}]}<\/script>\n<!-- \/ Yoast SEO plugin. -->","yoast_head_json":{"title":"Schutz der Daten - Sports20","robots":{"index":"index","follow":"follow","max-snippet":"max-snippet:-1","max-image-preview":"max-image-preview:large","max-video-preview":"max-video-preview:-1"},"canonical":"https:\/\/sports20.org\/de\/schutz-der-daten\/","og_locale":"de_DE","og_type":"article","og_title":"Schutz der Daten - Sports20","og_description":"datenschutz Mit der folgenden Datenschutzerkl\u00e4rung m\u00f6chten wir Sie dar\u00fcber informieren, welche Arten Ihrer personenbezogenen Daten (im Folgenden auch &#8222;Daten&#8220; genannt) wir verarbeiten, zu welchen Zwecken und in welchem Umfang. Die Datenschutzerkl\u00e4rung gilt f\u00fcr alle von uns vorgenommenen Verarbeitungen personenbezogener Daten, sowohl im Rahmen der Erbringung unserer Dienstleistungen als auch insbesondere auf unseren Websites, in mobilen [&hellip;]","og_url":"https:\/\/sports20.org\/de\/schutz-der-daten\/","og_site_name":"Sports20","article_modified_time":"2025-11-26T12:27:43+00:00","twitter_card":"summary_large_image","twitter_misc":{"Gesch\u00e4tzte Lesezeit":"6\u00a0Minuten"},"schema":{"@context":"https:\/\/schema.org","@graph":[{"@type":"WebPage","@id":"https:\/\/sports20.org\/de\/schutz-der-daten\/","url":"https:\/\/sports20.org\/de\/schutz-der-daten\/","name":"Schutz der Daten - Sports20","isPartOf":{"@id":"https:\/\/sports20.org\/#website"},"datePublished":"2024-12-23T19:52:30+00:00","dateModified":"2025-11-26T12:27:43+00:00","breadcrumb":{"@id":"https:\/\/sports20.org\/de\/schutz-der-daten\/#breadcrumb"},"inLanguage":"de","potentialAction":[{"@type":"ReadAction","target":["https:\/\/sports20.org\/de\/schutz-der-daten\/"]}]},{"@type":"BreadcrumbList","@id":"https:\/\/sports20.org\/de\/schutz-der-daten\/#breadcrumb","itemListElement":[{"@type":"ListItem","position":1,"name":"Home","item":"https:\/\/sports20.org\/de\/hauptseite\/"},{"@type":"ListItem","position":2,"name":"Schutz der Daten"}]},{"@type":"WebSite","@id":"https:\/\/sports20.org\/#website","url":"https:\/\/sports20.org\/","name":"Sports20","description":"Another world is possible","publisher":{"@id":"https:\/\/sports20.org\/#organization"},"potentialAction":[{"@type":"SearchAction","target":{"@type":"EntryPoint","urlTemplate":"https:\/\/sports20.org\/?s={search_term_string}"},"query-input":"required name=search_term_string"}],"inLanguage":"de"},{"@type":"Organization","@id":"https:\/\/sports20.org\/#organization","name":"Sports20","url":"https:\/\/sports20.org\/","logo":{"@type":"ImageObject","inLanguage":"de","@id":"https:\/\/sports20.org\/#\/schema\/logo\/image\/","url":"https:\/\/sports20.org\/wp-content\/uploads\/2024\/10\/V1-1.svg","contentUrl":"https:\/\/sports20.org\/wp-content\/uploads\/2024\/10\/V1-1.svg","width":79,"height":57,"caption":"Sports20"},"image":{"@id":"https:\/\/sports20.org\/#\/schema\/logo\/image\/"}}]}},"_links":{"self":[{"href":"https:\/\/sports20.org\/de\/wp-json\/wp\/v2\/pages\/11579","targetHints":{"allow":["GET"]}}],"collection":[{"href":"https:\/\/sports20.org\/de\/wp-json\/wp\/v2\/pages"}],"about":[{"href":"https:\/\/sports20.org\/de\/wp-json\/wp\/v2\/types\/page"}],"author":[{"embeddable":true,"href":"https:\/\/sports20.org\/de\/wp-json\/wp\/v2\/users\/1"}],"replies":[{"embeddable":true,"href":"https:\/\/sports20.org\/de\/wp-json\/wp\/v2\/comments?post=11579"}],"version-history":[{"count":1,"href":"https:\/\/sports20.org\/de\/wp-json\/wp\/v2\/pages\/11579\/revisions"}],"predecessor-version":[{"id":11580,"href":"https:\/\/sports20.org\/de\/wp-json\/wp\/v2\/pages\/11579\/revisions\/11580"}],"wp:attachment":[{"href":"https:\/\/sports20.org\/de\/wp-json\/wp\/v2\/media?parent=11579"}],"curies":[{"name":"wp","href":"https:\/\/api.w.org\/{rel}","templated":true}]}}