{"id":11572,"date":"2024-12-22T22:13:12","date_gmt":"2024-12-22T19:13:12","guid":{"rendered":"https:\/\/sports20.org\/impressum\/"},"modified":"2025-11-26T15:27:58","modified_gmt":"2025-11-26T12:27:58","slug":"impressum","status":"publish","type":"page","link":"https:\/\/sports20.org\/de\/impressum\/","title":{"rendered":"Impressum"},"content":{"rendered":"\t\t<div data-elementor-type=\"wp-page\" data-elementor-id=\"11572\" class=\"elementor elementor-11572 elementor-6099\" data-elementor-post-type=\"page\">\n\t\t\t\t<div class=\"elementor-element elementor-element-40d5a3e5 e-con-full e-flex e-con e-parent\" data-id=\"40d5a3e5\" data-element_type=\"container\" data-settings=\"{&quot;background_background&quot;:&quot;classic&quot;}\">\n\t\t<div class=\"elementor-element elementor-element-33767997 e-con-full e-flex e-con e-child\" data-id=\"33767997\" data-element_type=\"container\">\n\t\t\t\t<div class=\"elementor-element elementor-element-58c92c7c elementor-widget elementor-widget-heading\" data-id=\"58c92c7c\" data-element_type=\"widget\" data-widget_type=\"heading.default\">\n\t\t\t\t<div class=\"elementor-widget-container\">\n\t\t\t\t\t<h1 class=\"elementor-heading-title elementor-size-default\">Impressum<\/h1>\t\t\t\t<\/div>\n\t\t\t\t<\/div>\n\t\t\t\t<\/div>\n\t\t\t\t<\/div>\n\t\t<div class=\"elementor-element elementor-element-3203f53 e-con-full elementor-hidden-tablet elementor-hidden-mobile e-flex e-con e-parent\" data-id=\"3203f53\" data-element_type=\"container\" data-settings=\"{&quot;background_background&quot;:&quot;classic&quot;,&quot;position&quot;:&quot;absolute&quot;}\">\n\t\t\t\t<\/div>\n\t\t<div class=\"elementor-element elementor-element-a4be19a e-con-full e-flex e-con e-parent\" data-id=\"a4be19a\" data-element_type=\"container\">\n\t\t<div class=\"elementor-element elementor-element-ad8e3de e-con-full e-flex e-con e-child\" data-id=\"ad8e3de\" data-element_type=\"container\" data-settings=\"{&quot;background_background&quot;:&quot;classic&quot;}\">\n\t\t<div class=\"elementor-element elementor-element-a99e9df e-con-full e-flex e-con e-child\" data-id=\"a99e9df\" data-element_type=\"container\" data-settings=\"{&quot;background_background&quot;:&quot;classic&quot;}\">\n\t\t\t\t<div class=\"elementor-element elementor-element-aaafba6 elementor-widget elementor-widget-text-editor\" data-id=\"aaafba6\" data-element_type=\"widget\" data-widget_type=\"text-editor.default\">\n\t\t\t\t<div class=\"elementor-widget-container\">\n\t\t\t\t\t\t\t\t\t<p>Informationen nach \u00a7 5 TMG<\/p>\n<p style=\"text-align: left;\">SPORTS20 gGmbH<\/p>\n<p style=\"text-align: left;\">Paul-Roosen-Stra\u00dfe 12, 22767 Hamburg, <span style=\"background-color: var( --e-global-color-c6a392a ); text-align: var(--text-align); color: var( --e-global-color-077fd64 ); letter-spacing: 0.05em;\">Deutschland<\/span><\/p>\n<p style=\"text-align: left;\">Amtsgericht Hamburg HRB 185268<\/p>\n<p style=\"text-align: left;\">Registergericht: Amtsgericht Hamburg<\/p>\n<p style=\"text-align: left;\">Umsatzsteuer-Identifikationsnummer gem\u00e4\u00df \u00a727 a Umsatzsteuergesetz: DE366677104<\/p>\n<p style=\"text-align: left;\">Vertreten durch: Tanja Ferkau + Stefan Wagner, Gesch\u00e4ftsf\u00fchrer<\/p>\n<p style=\"text-align: left;\">Kontakt: info@sports20.org<\/p>\n<p style=\"text-align: left;\">Wir sind nicht bereit oder verpflichtet, an einem Streitbeilegungsverfahren vor einer Verbraucherschlichtungsstelle teilzunehmen.<\/p>\n<p style=\"text-align: left;\">Haftung f\u00fcr Inhalte<\/p>\n<p style=\"text-align: left;\">Als Dienstanbieter sind wir gem\u00e4\u00df \u00a7 7 Abs.1 f\u00fcr eigene Inhalte auf diesen Seiten nach den allgemeinen Gesetzen verantwortlich. TMG nach den allgemeinen Gesetzen. Nach \u00a7\u00a7 8 bis 10 TMG sind wir als Diensteanbieter jedoch nicht verpflichtet, \u00fcbermittelte oder gespeicherte fremde Informationen zu \u00fcberwachen oder nach Umst\u00e4nden zu forschen, die auf eine rechtswidrige T\u00e4tigkeit hinweisen.<br>Verpflichtungen zur Entfernung oder Sperrung der Nutzung von Informationen nach den allgemeinen Gesetzen bleiben hiervon unber\u00fchrt. Eine diesbez\u00fcgliche Haftung ist jedoch erst ab dem Zeitpunkt der Kenntnis einer konkreten Rechtsverletzung m\u00f6glich. Bei Bekanntwerden von Rechtsverletzungen werden wir derartige Inhalte umgehend entfernen.<\/p>\n<p style=\"text-align: left;\">Haftung f\u00fcr Links<\/p>\n<p style=\"text-align: left;\">Unser Angebot enth\u00e4lt Links zu externen Webseiten Dritter, auf deren Inhalte wir keinen Einfluss haben. Deshalb k\u00f6nnen wir f\u00fcr diese fremden Inhalte auch keine Gew\u00e4hr \u00fcbernehmen. F\u00fcr die Inhalte der verlinkten Seiten ist stets der jeweilige Anbieter oder Betreiber der Seiten verantwortlich. Die verlinkten Seiten wurden zum Zeitpunkt der Verlinkung auf m\u00f6gliche Rechtsverst\u00f6\u00dfe \u00fcberpr\u00fcft. Rechtswidrige Inhalte waren zum Zeitpunkt der Verlinkung nicht erkennbar. Eine permanente inhaltliche Kontrolle der verlinkten Seiten ist jedoch ohne konkrete Anhaltspunkte einer Rechtsverletzung nicht zumutbar. Bei Bekanntwerden von Rechtsverletzungen werden wir derartige Links umgehend entfernen.<\/p>\n<p style=\"text-align: left;\">Copyright<br>Die durch die Seitenbetreiber erstellten Inhalte und Werke auf diesen Seiten unterliegen dem deutschen Urheberrecht. Die Vervielf\u00e4ltigung, Bearbeitung, Verbreitung und jede Art der Verwertung au\u00dferhalb der Grenzen des Urheberrechtes bed\u00fcrfen der schriftlichen Zustimmung des jeweiligen Autors bzw. Erstellers. Downloads und Kopien dieser Seite sind nur f\u00fcr den privaten, nicht kommerziellen Gebrauch gestattet.<br>Soweit die Inhalte auf dieser Seite nicht vom Betreiber erstellt wurden, werden die Urheberrechte Dritter beachtet. Insbesondere werden Inhalte Dritter als solche gekennzeichnet. Sollten Sie dennoch auf eine Urheberrechtsverletzung aufmerksam werden, informieren Sie uns bitte dar\u00fcber. Sollten wir Kenntnis von Rechtsverletzungen erhalten, werden wir diese Inhalte unverz\u00fcglich entfernen.<\/p>\t\t\t\t\t\t\t\t<\/div>\n\t\t\t\t<\/div>\n\t\t\t\t<\/div>\n\t\t<a class=\"elementor-element elementor-element-a25e142 e-con-full e-flex e-con e-child\" data-id=\"a25e142\" data-element_type=\"container\" data-settings=\"{&quot;background_background&quot;:&quot;classic&quot;}\" href=\"https:\/\/sports20.org\/de\/\">\n\t\t\t\t<div class=\"elementor-element elementor-element-5540f01 elementor-widget elementor-widget-text-editor\" data-id=\"5540f01\" data-element_type=\"widget\" data-widget_type=\"text-editor.default\">\n\t\t\t\t<div class=\"elementor-widget-container\">\n\t\t\t\t\t\t\t\t\t<p>zur\u00fcck zur Startseite<\/p>\t\t\t\t\t\t\t\t<\/div>\n\t\t\t\t<\/div>\n\t\t\t\t<\/a>\n\t\t\t\t<\/div>\n\t\t\t\t<\/div>\n\t\t<div class=\"elementor-element elementor-element-f60aa1d e-con-full e-flex e-con e-parent\" data-id=\"f60aa1d\" data-element_type=\"container\" data-settings=\"{&quot;background_background&quot;:&quot;classic&quot;}\">\n\t\t\t\t<\/div>\n\t\t\t\t<\/div>\n\t\t","protected":false},"excerpt":{"rendered":"<p>Impressum Informationen nach \u00a7 5 TMG SPORTS20 gGmbH Paul-Roosen-Stra\u00dfe 12, 22767 Hamburg, Deutschland Amtsgericht Hamburg HRB 185268 Registergericht: Amtsgericht Hamburg Umsatzsteuer-Identifikationsnummer gem\u00e4\u00df \u00a727 a Umsatzsteuergesetz: DE366677104 Vertreten durch: Tanja Ferkau + Stefan Wagner, Gesch\u00e4ftsf\u00fchrer Kontakt: info@sports20.org Wir sind nicht bereit oder verpflichtet, an einem Streitbeilegungsverfahren vor einer Verbraucherschlichtungsstelle teilzunehmen. Haftung f\u00fcr Inhalte Als Dienstanbieter sind [&hellip;]<\/p>\n","protected":false},"author":1,"featured_media":0,"parent":0,"menu_order":0,"comment_status":"closed","ping_status":"closed","template":"","meta":{"_acf_changed":false,"footnotes":""},"class_list":["post-11572","page","type-page","status-publish","hentry"],"acf":[],"yoast_head":"<!-- This site is optimized with the Yoast SEO plugin v22.4 - https:\/\/yoast.com\/wordpress\/plugins\/seo\/ -->\n<title>Impressum - Sports20<\/title>\n<meta name=\"robots\" content=\"index, follow, max-snippet:-1, max-image-preview:large, max-video-preview:-1\" \/>\n<link rel=\"canonical\" href=\"https:\/\/sports20.org\/de\/impressum\/\" \/>\n<meta property=\"og:locale\" content=\"de_DE\" \/>\n<meta property=\"og:type\" content=\"article\" \/>\n<meta property=\"og:title\" content=\"Impressum - Sports20\" \/>\n<meta property=\"og:description\" content=\"Impressum Informationen nach \u00a7 5 TMG SPORTS20 gGmbH Paul-Roosen-Stra\u00dfe 12, 22767 Hamburg, Deutschland Amtsgericht Hamburg HRB 185268 Registergericht: Amtsgericht Hamburg Umsatzsteuer-Identifikationsnummer gem\u00e4\u00df \u00a727 a Umsatzsteuergesetz: DE366677104 Vertreten durch: Tanja Ferkau + Stefan Wagner, Gesch\u00e4ftsf\u00fchrer Kontakt: info@sports20.org Wir sind nicht bereit oder verpflichtet, an einem Streitbeilegungsverfahren vor einer Verbraucherschlichtungsstelle teilzunehmen. Haftung f\u00fcr Inhalte Als Dienstanbieter sind [&hellip;]\" \/>\n<meta property=\"og:url\" content=\"https:\/\/sports20.org\/de\/impressum\/\" \/>\n<meta property=\"og:site_name\" content=\"Sports20\" \/>\n<meta property=\"article:modified_time\" content=\"2025-11-26T12:27:58+00:00\" \/>\n<meta name=\"twitter:card\" content=\"summary_large_image\" \/>\n<meta name=\"twitter:label1\" content=\"Gesch\u00e4tzte Lesezeit\" \/>\n\t<meta name=\"twitter:data1\" content=\"2\u00a0Minuten\" \/>\n<script type=\"application\/ld+json\" class=\"yoast-schema-graph\">{\"@context\":\"https:\/\/schema.org\",\"@graph\":[{\"@type\":\"WebPage\",\"@id\":\"https:\/\/sports20.org\/de\/impressum\/\",\"url\":\"https:\/\/sports20.org\/de\/impressum\/\",\"name\":\"Impressum - Sports20\",\"isPartOf\":{\"@id\":\"https:\/\/sports20.org\/#website\"},\"datePublished\":\"2024-12-22T19:13:12+00:00\",\"dateModified\":\"2025-11-26T12:27:58+00:00\",\"breadcrumb\":{\"@id\":\"https:\/\/sports20.org\/de\/impressum\/#breadcrumb\"},\"inLanguage\":\"de\",\"potentialAction\":[{\"@type\":\"ReadAction\",\"target\":[\"https:\/\/sports20.org\/de\/impressum\/\"]}]},{\"@type\":\"BreadcrumbList\",\"@id\":\"https:\/\/sports20.org\/de\/impressum\/#breadcrumb\",\"itemListElement\":[{\"@type\":\"ListItem\",\"position\":1,\"name\":\"Home\",\"item\":\"https:\/\/sports20.org\/de\/hauptseite\/\"},{\"@type\":\"ListItem\",\"position\":2,\"name\":\"Impressum\"}]},{\"@type\":\"WebSite\",\"@id\":\"https:\/\/sports20.org\/#website\",\"url\":\"https:\/\/sports20.org\/\",\"name\":\"Sports20\",\"description\":\"Another world is possible\",\"publisher\":{\"@id\":\"https:\/\/sports20.org\/#organization\"},\"potentialAction\":[{\"@type\":\"SearchAction\",\"target\":{\"@type\":\"EntryPoint\",\"urlTemplate\":\"https:\/\/sports20.org\/?s={search_term_string}\"},\"query-input\":\"required name=search_term_string\"}],\"inLanguage\":\"de\"},{\"@type\":\"Organization\",\"@id\":\"https:\/\/sports20.org\/#organization\",\"name\":\"Sports20\",\"url\":\"https:\/\/sports20.org\/\",\"logo\":{\"@type\":\"ImageObject\",\"inLanguage\":\"de\",\"@id\":\"https:\/\/sports20.org\/#\/schema\/logo\/image\/\",\"url\":\"https:\/\/sports20.org\/wp-content\/uploads\/2024\/10\/V1-1.svg\",\"contentUrl\":\"https:\/\/sports20.org\/wp-content\/uploads\/2024\/10\/V1-1.svg\",\"width\":79,\"height\":57,\"caption\":\"Sports20\"},\"image\":{\"@id\":\"https:\/\/sports20.org\/#\/schema\/logo\/image\/\"}}]}<\/script>\n<!-- \/ Yoast SEO plugin. -->","yoast_head_json":{"title":"Impressum - Sports20","robots":{"index":"index","follow":"follow","max-snippet":"max-snippet:-1","max-image-preview":"max-image-preview:large","max-video-preview":"max-video-preview:-1"},"canonical":"https:\/\/sports20.org\/de\/impressum\/","og_locale":"de_DE","og_type":"article","og_title":"Impressum - Sports20","og_description":"Impressum Informationen nach \u00a7 5 TMG SPORTS20 gGmbH Paul-Roosen-Stra\u00dfe 12, 22767 Hamburg, Deutschland Amtsgericht Hamburg HRB 185268 Registergericht: Amtsgericht Hamburg Umsatzsteuer-Identifikationsnummer gem\u00e4\u00df \u00a727 a Umsatzsteuergesetz: DE366677104 Vertreten durch: Tanja Ferkau + Stefan Wagner, Gesch\u00e4ftsf\u00fchrer Kontakt: info@sports20.org Wir sind nicht bereit oder verpflichtet, an einem Streitbeilegungsverfahren vor einer Verbraucherschlichtungsstelle teilzunehmen. Haftung f\u00fcr Inhalte Als Dienstanbieter sind [&hellip;]","og_url":"https:\/\/sports20.org\/de\/impressum\/","og_site_name":"Sports20","article_modified_time":"2025-11-26T12:27:58+00:00","twitter_card":"summary_large_image","twitter_misc":{"Gesch\u00e4tzte Lesezeit":"2\u00a0Minuten"},"schema":{"@context":"https:\/\/schema.org","@graph":[{"@type":"WebPage","@id":"https:\/\/sports20.org\/de\/impressum\/","url":"https:\/\/sports20.org\/de\/impressum\/","name":"Impressum - Sports20","isPartOf":{"@id":"https:\/\/sports20.org\/#website"},"datePublished":"2024-12-22T19:13:12+00:00","dateModified":"2025-11-26T12:27:58+00:00","breadcrumb":{"@id":"https:\/\/sports20.org\/de\/impressum\/#breadcrumb"},"inLanguage":"de","potentialAction":[{"@type":"ReadAction","target":["https:\/\/sports20.org\/de\/impressum\/"]}]},{"@type":"BreadcrumbList","@id":"https:\/\/sports20.org\/de\/impressum\/#breadcrumb","itemListElement":[{"@type":"ListItem","position":1,"name":"Home","item":"https:\/\/sports20.org\/de\/hauptseite\/"},{"@type":"ListItem","position":2,"name":"Impressum"}]},{"@type":"WebSite","@id":"https:\/\/sports20.org\/#website","url":"https:\/\/sports20.org\/","name":"Sports20","description":"Another world is possible","publisher":{"@id":"https:\/\/sports20.org\/#organization"},"potentialAction":[{"@type":"SearchAction","target":{"@type":"EntryPoint","urlTemplate":"https:\/\/sports20.org\/?s={search_term_string}"},"query-input":"required name=search_term_string"}],"inLanguage":"de"},{"@type":"Organization","@id":"https:\/\/sports20.org\/#organization","name":"Sports20","url":"https:\/\/sports20.org\/","logo":{"@type":"ImageObject","inLanguage":"de","@id":"https:\/\/sports20.org\/#\/schema\/logo\/image\/","url":"https:\/\/sports20.org\/wp-content\/uploads\/2024\/10\/V1-1.svg","contentUrl":"https:\/\/sports20.org\/wp-content\/uploads\/2024\/10\/V1-1.svg","width":79,"height":57,"caption":"Sports20"},"image":{"@id":"https:\/\/sports20.org\/#\/schema\/logo\/image\/"}}]}},"_links":{"self":[{"href":"https:\/\/sports20.org\/de\/wp-json\/wp\/v2\/pages\/11572","targetHints":{"allow":["GET"]}}],"collection":[{"href":"https:\/\/sports20.org\/de\/wp-json\/wp\/v2\/pages"}],"about":[{"href":"https:\/\/sports20.org\/de\/wp-json\/wp\/v2\/types\/page"}],"author":[{"embeddable":true,"href":"https:\/\/sports20.org\/de\/wp-json\/wp\/v2\/users\/1"}],"replies":[{"embeddable":true,"href":"https:\/\/sports20.org\/de\/wp-json\/wp\/v2\/comments?post=11572"}],"version-history":[{"count":3,"href":"https:\/\/sports20.org\/de\/wp-json\/wp\/v2\/pages\/11572\/revisions"}],"predecessor-version":[{"id":11585,"href":"https:\/\/sports20.org\/de\/wp-json\/wp\/v2\/pages\/11572\/revisions\/11585"}],"wp:attachment":[{"href":"https:\/\/sports20.org\/de\/wp-json\/wp\/v2\/media?parent=11572"}],"curies":[{"name":"wp","href":"https:\/\/api.w.org\/{rel}","templated":true}]}}